{"id":2007,"date":"2019-10-09T12:40:44","date_gmt":"2019-10-09T15:40:44","guid":{"rendered":"https:\/\/des-scr.infd.edu.ar\/sitio\/?page_id=2007"},"modified":"2022-03-08T12:40:07","modified_gmt":"2022-03-08T15:40:07","slug":"inscripciones-2020","status":"publish","type":"page","link":"https:\/\/des-scr.infd.edu.ar\/sitio\/inscripciones-2020\/","title":{"rendered":"Inscripciones 2022"},"content":{"rendered":"<p style=\"text-align: justify;\">El Consejo Provincial de Educaci\u00f3n, a trav\u00e9s de la Direcci\u00f3n Provincial de Educaci\u00f3n Superior, llama a inscripci\u00f3n a DOCENTES para la cobertura de las siguientes Unidades Curriculares a dictarse en Ciclo Lectivo 2022.-<\/p>\n","protected":false},"excerpt":{"rendered":"<p>El Consejo Provincial de Educaci\u00f3n, a trav\u00e9s de la Direcci\u00f3n Provincial de Educaci\u00f3n Superior, llama a inscripci\u00f3n a DOCENTES para la cobertura de las siguientes Unidades Curriculares a dictarse en Ciclo Lectivo 2022.-<\/p>\n","protected":false},"author":1130,"featured_media":0,"parent":0,"menu_order":0,"comment_status":"closed","ping_status":"closed","template":"","meta":[],"acf":[],"_links":{"self":[{"href":"https:\/\/des-scr.infd.edu.ar\/sitio\/wp-json\/wp\/v2\/pages\/2007"}],"collection":[{"href":"https:\/\/des-scr.infd.edu.ar\/sitio\/wp-json\/wp\/v2\/pages"}],"about":[{"href":"https:\/\/des-scr.infd.edu.ar\/sitio\/wp-json\/wp\/v2\/types\/page"}],"author":[{"embeddable":true,"href":"https:\/\/des-scr.infd.edu.ar\/sitio\/wp-json\/wp\/v2\/users\/1130"}],"replies":[{"embeddable":true,"href":"https:\/\/des-scr.infd.edu.ar\/sitio\/wp-json\/wp\/v2\/comments?post=2007"}],"version-history":[{"count":4,"href":"https:\/\/des-scr.infd.edu.ar\/sitio\/wp-json\/wp\/v2\/pages\/2007\/revisions"}],"predecessor-version":[{"id":3017,"href":"https:\/\/des-scr.infd.edu.ar\/sitio\/wp-json\/wp\/v2\/pages\/2007\/revisions\/3017"}],"wp:attachment":[{"href":"https:\/\/des-scr.infd.edu.ar\/sitio\/wp-json\/wp\/v2\/media?parent=2007"}],"curies":[{"name":"wp","href":"https:\/\/api.w.org\/{rel}","templated":true}]}}