{"id":772,"date":"2018-06-28T17:47:41","date_gmt":"2018-06-28T20:47:41","guid":{"rendered":"https:\/\/des-scr.infd.edu.ar\/sitio\/diploma-en-educacion-popular-diploma-pedagogias-criticas\/"},"modified":"2018-06-28T17:47:41","modified_gmt":"2018-06-28T20:47:41","slug":"diploma-en-educacion-popular-diploma-pedagogias-criticas","status":"publish","type":"page","link":"https:\/\/des-scr.infd.edu.ar\/sitio\/diploma-en-educacion-popular-diploma-pedagogias-criticas\/","title":{"rendered":"Diploma en Educaci\u00f3n Popular &#8211; Diploma Pedagog\u00edas Cr\u00edticas"},"content":{"rendered":"<p><img decoding=\"async\" src=\"https:\/\/des-scr.infd.edu.ar\/sitio\/wp-content\/uploads\/2018\/06\/1K45B3SglEgrcimagen_incrustada1.png\" border=\"0\"><\/p>\n<p style=\"text-align: justify;\">Buscamos formar agentes sociales capaces de vincularse con la realidad de las diferentes comunidades territoriales desde la perspectiva y la praxis de la educaci&oacute;n popular; que en Am&eacute;rica Latina ha representado una tradici&oacute;n intelectual, una praxis concreta y un conjunto de experiencias in&eacute;ditas, desde y para el desarrollo social de nuestro continente.<\/p>\n<p style=\"text-align: center;\"><a href=\"https:\/\/des-scr.infd.edu.ar\/aula\/archivos\/repositorio\/\/250\/292\/DIPLOMA_DE_EDUCACION_POPULAR_-_DPES.pdf\" target=\"_blank\"><img decoding=\"async\" loading=\"lazy\" title=\"EDUCACION POPULAR\" src=\"https:\/\/des-scr.infd.edu.ar\/sitio\/wp-content\/uploads\/2018\/06\/Boton-Mas-Informacion-popular.png\" border=\"0\" alt=\"EDUCACION POPULAR\" width=\"204\" height=\"63\"><\/a>&nbsp; &nbsp; &nbsp; &nbsp; &nbsp; &nbsp; &nbsp; &nbsp;&nbsp;<a href=\"https:\/\/des-scr.infd.edu.ar\/aula\/archivos\/repositorio\/\/250\/294\/DIPLOMA_DE_PEDAGOGIAS_CRITICAS_-_DPES.pdf\" target=\"_blank\"><img decoding=\"async\" loading=\"lazy\" title=\"criticas\" src=\"https:\/\/des-scr.infd.edu.ar\/sitio\/wp-content\/uploads\/2018\/06\/Boton-Mas-Informacion-Criticas.png\" border=\"0\" alt=\"criticas\" width=\"204\" height=\"63\"><\/a><\/p><\/p>\n","protected":false},"excerpt":{"rendered":"<p>Buscamos formar agentes sociales capaces de vincularse con la realidad de las diferentes comunidades territoriales desde la perspectiva y la praxis de la educaci&oacute;n popular; que en Am&eacute;rica Latina ha representado una tradici&oacute;n intelectual, una praxis concreta y un conjunto de experiencias in&eacute;ditas, desde y para el desarrollo social de nuestro continente. &nbsp; &nbsp; &nbsp; &#8230; <a title=\"Diploma en Educaci\u00f3n Popular &#8211; Diploma Pedagog\u00edas Cr\u00edticas\" class=\"read-more\" href=\"https:\/\/des-scr.infd.edu.ar\/sitio\/diploma-en-educacion-popular-diploma-pedagogias-criticas\/\" aria-label=\"More on Diploma en Educaci\u00f3n Popular &#8211; Diploma Pedagog\u00edas Cr\u00edticas\">[+]<\/a><\/p>\n","protected":false},"author":1130,"featured_media":0,"parent":0,"menu_order":0,"comment_status":"closed","ping_status":"closed","template":"","meta":[],"acf":[],"_links":{"self":[{"href":"https:\/\/des-scr.infd.edu.ar\/sitio\/wp-json\/wp\/v2\/pages\/772"}],"collection":[{"href":"https:\/\/des-scr.infd.edu.ar\/sitio\/wp-json\/wp\/v2\/pages"}],"about":[{"href":"https:\/\/des-scr.infd.edu.ar\/sitio\/wp-json\/wp\/v2\/types\/page"}],"author":[{"embeddable":true,"href":"https:\/\/des-scr.infd.edu.ar\/sitio\/wp-json\/wp\/v2\/users\/1130"}],"replies":[{"embeddable":true,"href":"https:\/\/des-scr.infd.edu.ar\/sitio\/wp-json\/wp\/v2\/comments?post=772"}],"version-history":[{"count":0,"href":"https:\/\/des-scr.infd.edu.ar\/sitio\/wp-json\/wp\/v2\/pages\/772\/revisions"}],"wp:attachment":[{"href":"https:\/\/des-scr.infd.edu.ar\/sitio\/wp-json\/wp\/v2\/media?parent=772"}],"curies":[{"name":"wp","href":"https:\/\/api.w.org\/{rel}","templated":true}]}}